{"id":430,"date":"2015-06-28T18:39:22","date_gmt":"2015-06-28T16:39:22","guid":{"rendered":"http:\/\/www.hotel-cristobal.de\/en\/reservierungsbedingungen\/"},"modified":"2018-05-23T10:31:31","modified_gmt":"2018-05-23T08:31:31","slug":"reservierungsbedingungen","status":"publish","type":"page","link":"https:\/\/www.hotel-cristobal.de\/en\/reservierungsbedingungen\/","title":{"rendered":"Reservierungsbedingungen"},"content":{"rendered":"<p>Unsere Rezeption steht Ihnen t\u00e4glich von 7:30 Uhr bis 22:00 Uhr zur Verf\u00fcgung. Schriftliche Anfragen, die nach 21:00 Uhr bei uns eingehen, werden am darauf folgenden Tag beantwortet.<\/p>\n<h5>Vertragsschluss<\/h5>\n<p>Der Gastaufnahmevertrag kommt wirksam durch m\u00fcndliche oder schriftliche Bestellung seitens des Gastes und anschlie\u00dfender m\u00fcndlicher oder schriftlicher Best\u00e4tigung des Vertragsschlusses seitens des Hoteliers oder des Hotelpersonals (Vertreter) zustande. Die Reservierung wird bei m\u00fcndlicher Bestellung in Form einer Telefonnotiz mit Datums- und Uhrzeitangabe des Hotelangestellten schriftlich sofort dokumentiert. Hierin werden die wesentlichen Vertragsinhalte des Gastaufnahmevertrages wie Preis, Aufenthaltsdauer, Anzahl der G\u00e4ste, sowie Nebenkosten wie Parkplatzgeb\u00fchren usw. festgehalten.<\/p>\n<p>Die best\u00e4tigte Personenzahl in Reservierungsbest\u00e4tigungen darf ohne die Zustimmung des Hoteliers nicht \u00fcberschritten werden. Bei Zustimmung bleibt die Erh\u00f6hung des Tagesmietpreises vorbehalten.<\/p>\n<p>Der Gast erwirbt keinen Anspruch auf Gebrauchs\u00fcberlassung bestimmter Zimmer. Sollten vereinbarte Zimmer nicht verf\u00fcgbar sein, so ist der Hotelier verpflichtet, sich um einen gleichwertigen Ersatz zu bem\u00fchen.<\/p>\n<p>Der Hotelier kann im Falle h\u00f6herer Gewalt (Sturm- , Wasser- und Brandsch\u00e4den etc.) fristlos vom Vertrag zur\u00fccktreten. Ein Anspruch auf Schadensersatz des Gastes besteht nicht.<\/p>\n<h5>Vertrags\u00e4nderungen<\/h5>\n<p>Einseitige \u00c4nderungen und Erg\u00e4nzungen durch den Gast sind unwirksam.<br \/>\nGerichtsstand bei Streitigkeiten gegen den Hotelier ist das Amtsgericht Hamburg. Es gilt deutsches Recht.<\/p>\n<h5>Reservierte Zimmer<\/h5>\n<p>stehen dem Gast ab 15.00 Uhr\u00a0am Anreisetag und bis 11.00 Uhr am Abreisetag zur Verf\u00fcgung.<\/p>\n<h5>Bereitstellung<\/h5>\n<p>Sofern nicht ausdr\u00fccklich eine sp\u00e4tere Ankunftszeit vereinbart wurde, beh\u00e4lt sich der Hotelier das Recht vor, bestellte Zimmer nach 18.00 Uhr anderweitig zu vergeben.<\/p>\n<h5>Der \u00dcbernachtungspreis<\/h5>\n<p>von Hotelzimmern ist bei Reservierungsbest\u00e4tigungen regelm\u00e4\u00dfig am Abreisetag f\u00e4llig. Die Bezahlung kann in bar, per EC-Karte, per Kreditkarte oder im Voraus per Bank\u00fcberweisung erfolgen.<br \/>\nKreditkarten werden nicht ausnahmslos akzeptiert.<br \/>\nDie Gew\u00e4hrung von Sonderkonditionen schlie\u00dft die Zahlung per Kreditkarte aus.<\/p>\n<h5>Gebrauchs\u00fcberlassung der Zimmer<\/h5>\n<p>Im Zimmerpreis sind keine Besch\u00e4digungen oder \u00fcberm\u00e4\u00dfige Beschmutzungen an Gegenst\u00e4nden und Inventar enthalten. Reinigungs- oder Reparaturkosten k\u00f6nnen\u00a0dem Gast in Rechnung gestellt werde<\/p>\n<p>Wir weisen darauf hin, dass das Hotel Cristobal ein reines Nichtraucherhotel ist. Bei Versto\u00df gegen das Rauchverbot erheben wir einen pauschalierten Betrag in H\u00f6he von 100,00 \u20ac.<\/p>\n<h5>Sonderkonditionen<\/h5>\n<p>Pauschalangebote und Sonderkonditionen sind nicht kombinierbar und gelten nicht f\u00fcr Folgereservierungen.<br \/>\nPersonengebundene Firmenpreise sind nicht auf andere Personen \u00fcbertragbar.<\/p>\n<h5>Mindestaufenthalte<\/h5>\n<p>analog unserer Preisliste oder der Buchungsbest\u00e4tigung sind nicht verk\u00fcrzbar. Bei einer Teilstornierung ist trotzdem der vom Hotel best\u00e4tigte Buchungspreis zu zahlen.<\/p>\n<h5>Mitnahme von Hunden<\/h5>\n<p>ist in den G\u00e4stezimmern nicht erlaubt. Im Foyer sind Hunde an der Leine zu f\u00fchren.<\/p>\n<h5>R\u00fccktritt \/ Stornierung<\/h5>\n<p>Der R\u00fccktritt vom Gastaufnahmevertrag muss schriftlich erkl\u00e4rt werden und wird vom Hotelier best\u00e4tigt. Um Ausf\u00e4lle zu vermeiden, ist der Hotelier nach Treu und Glauben gehalten, zu versuchen, nicht in Anspruch genommene Zimmer nach M\u00f6glichkeit anderweitig zu vergeben.<br \/>\nIm Falle des R\u00fccktritts bleibt jedoch das Recht des Hoteliers aus \u00a7 537 BGB bestehen, den Zimmerpreis f\u00fcr den gebuchten Aufenthalt in Rechnung zu stellen. Sollte das Zimmer anderweitig vermietet werden, so beh\u00e4lt sich der Hotelier das Recht vor, gegebenenfalls einen Schadensausgleich in H\u00f6he der Differenz zu einem geringeren Weitervermietungspreis zu erheben.\u00a0Wir empfehlen den Abschluss einer Reiser\u00fccktrittversicherung.<\/p>\n<p>Sofern zwischen dem Hotel und dem Kunden (Gast) ein Termin zum kostenfreien<br \/>\nR\u00fccktritt vom Vertrag schriftlich vereinbart wurde, kann der Kunde<br \/>\n(Gast) bis dahin vom Vertrag zur\u00fccktreten, ohne Zahlungs- oder<br \/>\nSchadenersatzanspr\u00fcche des Hotels auszul\u00f6sen. Das R\u00fccktrittsrecht des Kunden<br \/>\n(Gast) erlischt, wenn er nicht bis zum vereinbarten Termin sein Recht zum<br \/>\nR\u00fccktritt schriftlich gegen\u00fcber dem Hotel aus\u00fcbt.<\/p>\n<h5>Bei Verlust eines Schl\u00fcssels<\/h5>\n<p>wird dem Gast ein Betrag von derzeit 95,- EUR zuz\u00fcglich der gesetzlichen Mehrwertsteuer in Rechnung gestellt.<\/p>\n<h5>Haftungsausschluss<\/h5>\n<p>Es wird keinerlei Haftung f\u00fcr alle vom Gast eingebrachten Wertsachen \u00fcbernommen.<\/p>\n","protected":false},"excerpt":{"rendered":"<p>Unsere Rezeption steht Ihnen t\u00e4glich von 7:30 Uhr bis 22:00 Uhr zur Verf\u00fcgung. Schriftliche Anfragen, die nach 21:00 Uhr bei uns eingehen, werden am darauf folgenden Tag beantwortet. Vertragsschluss Der Gastaufnahmevertrag kommt wirksam durch m\u00fcndliche oder schriftliche Bestellung seitens des Gastes und anschlie\u00dfender m\u00fcndlicher oder schriftlicher Best\u00e4tigung des Vertragsschlusses seitens des Hoteliers oder des Hotelpersonals&#8230;  <a class=\"excerpt-read-more\" href=\"https:\/\/www.hotel-cristobal.de\/en\/reservierungsbedingungen\/\" title=\"Read Reservierungsbedingungen\">Read more &raquo;<\/a><\/p>\n","protected":false},"author":1,"featured_media":0,"parent":0,"menu_order":18,"comment_status":"closed","ping_status":"open","template":"","meta":{"footnotes":""},"class_list":["post-430","page","type-page","status-publish","hentry"],"yoast_head":"<!-- This site is optimized with the Yoast SEO plugin v26.6 - https:\/\/yoast.com\/wordpress\/plugins\/seo\/ -->\n<title>Reservierungsbedingungen - Hotel Cristobal Hamburg<\/title>\n<meta name=\"robots\" content=\"index, follow, max-snippet:-1, max-image-preview:large, max-video-preview:-1\" \/>\n<link rel=\"canonical\" href=\"https:\/\/www.hotel-cristobal.de\/en\/reservierungsbedingungen\/\" \/>\n<meta property=\"og:locale\" content=\"en_GB\" \/>\n<meta property=\"og:type\" content=\"article\" \/>\n<meta property=\"og:title\" content=\"Reservierungsbedingungen - Hotel Cristobal Hamburg\" \/>\n<meta property=\"og:description\" content=\"Unsere Rezeption steht Ihnen t\u00e4glich von 7:30 Uhr bis 22:00 Uhr zur Verf\u00fcgung. Schriftliche Anfragen, die nach 21:00 Uhr bei uns eingehen, werden am darauf folgenden Tag beantwortet. Vertragsschluss Der Gastaufnahmevertrag kommt wirksam durch m\u00fcndliche oder schriftliche Bestellung seitens des Gastes und anschlie\u00dfender m\u00fcndlicher oder schriftlicher Best\u00e4tigung des Vertragsschlusses seitens des Hoteliers oder des Hotelpersonals... Read more &raquo;\" \/>\n<meta property=\"og:url\" content=\"https:\/\/www.hotel-cristobal.de\/en\/reservierungsbedingungen\/\" \/>\n<meta property=\"og:site_name\" content=\"Hotel Cristobal Hamburg\" \/>\n<meta property=\"article:modified_time\" content=\"2018-05-23T08:31:31+00:00\" \/>\n<meta name=\"twitter:card\" content=\"summary_large_image\" \/>\n<meta name=\"twitter:label1\" content=\"Estimated reading time\" \/>\n\t<meta name=\"twitter:data1\" content=\"3 minutes\" \/>\n<script type=\"application\/ld+json\" class=\"yoast-schema-graph\">{\"@context\":\"https:\/\/schema.org\",\"@graph\":[{\"@type\":\"WebPage\",\"@id\":\"https:\/\/www.hotel-cristobal.de\/en\/reservierungsbedingungen\/\",\"url\":\"https:\/\/www.hotel-cristobal.de\/en\/reservierungsbedingungen\/\",\"name\":\"Reservierungsbedingungen - Hotel Cristobal Hamburg\",\"isPartOf\":{\"@id\":\"https:\/\/www.hotel-cristobal.de\/#website\"},\"datePublished\":\"2015-06-28T16:39:22+00:00\",\"dateModified\":\"2018-05-23T08:31:31+00:00\",\"breadcrumb\":{\"@id\":\"https:\/\/www.hotel-cristobal.de\/en\/reservierungsbedingungen\/#breadcrumb\"},\"inLanguage\":\"en-GB\",\"potentialAction\":[{\"@type\":\"ReadAction\",\"target\":[\"https:\/\/www.hotel-cristobal.de\/en\/reservierungsbedingungen\/\"]}]},{\"@type\":\"BreadcrumbList\",\"@id\":\"https:\/\/www.hotel-cristobal.de\/en\/reservierungsbedingungen\/#breadcrumb\",\"itemListElement\":[{\"@type\":\"ListItem\",\"position\":1,\"name\":\"Home\",\"item\":\"https:\/\/www.hotel-cristobal.de\/en\/startseite-2\/\"},{\"@type\":\"ListItem\",\"position\":2,\"name\":\"Reservierungsbedingungen\"}]},{\"@type\":\"WebSite\",\"@id\":\"https:\/\/www.hotel-cristobal.de\/#website\",\"url\":\"https:\/\/www.hotel-cristobal.de\/\",\"name\":\"Hotel Cristobal Hamburg\",\"description\":\"\",\"publisher\":{\"@id\":\"https:\/\/www.hotel-cristobal.de\/#organization\"},\"potentialAction\":[{\"@type\":\"SearchAction\",\"target\":{\"@type\":\"EntryPoint\",\"urlTemplate\":\"https:\/\/www.hotel-cristobal.de\/?s={search_term_string}\"},\"query-input\":{\"@type\":\"PropertyValueSpecification\",\"valueRequired\":true,\"valueName\":\"search_term_string\"}}],\"inLanguage\":\"en-GB\"},{\"@type\":\"Organization\",\"@id\":\"https:\/\/www.hotel-cristobal.de\/#organization\",\"name\":\"Hotel Cristobal Hamburg\",\"url\":\"https:\/\/www.hotel-cristobal.de\/\",\"logo\":{\"@type\":\"ImageObject\",\"inLanguage\":\"en-GB\",\"@id\":\"https:\/\/www.hotel-cristobal.de\/#\/schema\/logo\/image\/\",\"url\":\"https:\/\/www.hotel-cristobal.de\/wp-content\/uploads\/cristobal_logo_RGB_dunkelblau.png\",\"contentUrl\":\"https:\/\/www.hotel-cristobal.de\/wp-content\/uploads\/cristobal_logo_RGB_dunkelblau.png\",\"width\":1200,\"height\":600,\"caption\":\"Hotel Cristobal Hamburg\"},\"image\":{\"@id\":\"https:\/\/www.hotel-cristobal.de\/#\/schema\/logo\/image\/\"}}]}<\/script>\n<!-- \/ Yoast SEO plugin. -->","yoast_head_json":{"title":"Reservierungsbedingungen - Hotel Cristobal Hamburg","robots":{"index":"index","follow":"follow","max-snippet":"max-snippet:-1","max-image-preview":"max-image-preview:large","max-video-preview":"max-video-preview:-1"},"canonical":"https:\/\/www.hotel-cristobal.de\/en\/reservierungsbedingungen\/","og_locale":"en_GB","og_type":"article","og_title":"Reservierungsbedingungen - Hotel Cristobal Hamburg","og_description":"Unsere Rezeption steht Ihnen t\u00e4glich von 7:30 Uhr bis 22:00 Uhr zur Verf\u00fcgung. Schriftliche Anfragen, die nach 21:00 Uhr bei uns eingehen, werden am darauf folgenden Tag beantwortet. Vertragsschluss Der Gastaufnahmevertrag kommt wirksam durch m\u00fcndliche oder schriftliche Bestellung seitens des Gastes und anschlie\u00dfender m\u00fcndlicher oder schriftlicher Best\u00e4tigung des Vertragsschlusses seitens des Hoteliers oder des Hotelpersonals... Read more &raquo;","og_url":"https:\/\/www.hotel-cristobal.de\/en\/reservierungsbedingungen\/","og_site_name":"Hotel Cristobal Hamburg","article_modified_time":"2018-05-23T08:31:31+00:00","twitter_card":"summary_large_image","twitter_misc":{"Estimated reading time":"3 minutes"},"schema":{"@context":"https:\/\/schema.org","@graph":[{"@type":"WebPage","@id":"https:\/\/www.hotel-cristobal.de\/en\/reservierungsbedingungen\/","url":"https:\/\/www.hotel-cristobal.de\/en\/reservierungsbedingungen\/","name":"Reservierungsbedingungen - Hotel Cristobal Hamburg","isPartOf":{"@id":"https:\/\/www.hotel-cristobal.de\/#website"},"datePublished":"2015-06-28T16:39:22+00:00","dateModified":"2018-05-23T08:31:31+00:00","breadcrumb":{"@id":"https:\/\/www.hotel-cristobal.de\/en\/reservierungsbedingungen\/#breadcrumb"},"inLanguage":"en-GB","potentialAction":[{"@type":"ReadAction","target":["https:\/\/www.hotel-cristobal.de\/en\/reservierungsbedingungen\/"]}]},{"@type":"BreadcrumbList","@id":"https:\/\/www.hotel-cristobal.de\/en\/reservierungsbedingungen\/#breadcrumb","itemListElement":[{"@type":"ListItem","position":1,"name":"Home","item":"https:\/\/www.hotel-cristobal.de\/en\/startseite-2\/"},{"@type":"ListItem","position":2,"name":"Reservierungsbedingungen"}]},{"@type":"WebSite","@id":"https:\/\/www.hotel-cristobal.de\/#website","url":"https:\/\/www.hotel-cristobal.de\/","name":"Hotel Cristobal Hamburg","description":"","publisher":{"@id":"https:\/\/www.hotel-cristobal.de\/#organization"},"potentialAction":[{"@type":"SearchAction","target":{"@type":"EntryPoint","urlTemplate":"https:\/\/www.hotel-cristobal.de\/?s={search_term_string}"},"query-input":{"@type":"PropertyValueSpecification","valueRequired":true,"valueName":"search_term_string"}}],"inLanguage":"en-GB"},{"@type":"Organization","@id":"https:\/\/www.hotel-cristobal.de\/#organization","name":"Hotel Cristobal Hamburg","url":"https:\/\/www.hotel-cristobal.de\/","logo":{"@type":"ImageObject","inLanguage":"en-GB","@id":"https:\/\/www.hotel-cristobal.de\/#\/schema\/logo\/image\/","url":"https:\/\/www.hotel-cristobal.de\/wp-content\/uploads\/cristobal_logo_RGB_dunkelblau.png","contentUrl":"https:\/\/www.hotel-cristobal.de\/wp-content\/uploads\/cristobal_logo_RGB_dunkelblau.png","width":1200,"height":600,"caption":"Hotel Cristobal Hamburg"},"image":{"@id":"https:\/\/www.hotel-cristobal.de\/#\/schema\/logo\/image\/"}}]}},"_links":{"self":[{"href":"https:\/\/www.hotel-cristobal.de\/en\/wp-json\/wp\/v2\/pages\/430","targetHints":{"allow":["GET"]}}],"collection":[{"href":"https:\/\/www.hotel-cristobal.de\/en\/wp-json\/wp\/v2\/pages"}],"about":[{"href":"https:\/\/www.hotel-cristobal.de\/en\/wp-json\/wp\/v2\/types\/page"}],"author":[{"embeddable":true,"href":"https:\/\/www.hotel-cristobal.de\/en\/wp-json\/wp\/v2\/users\/1"}],"replies":[{"embeddable":true,"href":"https:\/\/www.hotel-cristobal.de\/en\/wp-json\/wp\/v2\/comments?post=430"}],"version-history":[{"count":4,"href":"https:\/\/www.hotel-cristobal.de\/en\/wp-json\/wp\/v2\/pages\/430\/revisions"}],"predecessor-version":[{"id":853,"href":"https:\/\/www.hotel-cristobal.de\/en\/wp-json\/wp\/v2\/pages\/430\/revisions\/853"}],"wp:attachment":[{"href":"https:\/\/www.hotel-cristobal.de\/en\/wp-json\/wp\/v2\/media?parent=430"}],"curies":[{"name":"wp","href":"https:\/\/api.w.org\/{rel}","templated":true}]}}